{"id":357958,"date":"2025-05-29T15:54:28","date_gmt":"2025-05-29T15:54:28","guid":{"rendered":"https:\/\/zarespestcontrol.com\/politica-de-cookies\/"},"modified":"2025-05-29T18:01:36","modified_gmt":"2025-05-29T18:01:36","slug":"politica-de-cookies","status":"publish","type":"page","link":"https:\/\/zarespestcontrol.com\/es\/politica-de-cookies\/","title":{"rendered":"Pol\u00edtica de Cookies"},"content":{"rendered":"<p>[et_pb_section fb_built=\u00bb1&#8243; admin_label=\u00bb12 Days of Christmas &#8211; Day 09 Header 2 &#8211; BG 1900&#215;909 Pixels\u00bb module_class=\u00bbmechanic-header\u00bb _builder_version=\u00bb4.16&#8243; background_image=\u00bbhttps:\/\/zarespestcontrol.com\/wp-content\/uploads\/2022\/02\/Captura-de-ecra\u0303-2022-02-07-a\u0300s-15.30.05.png\u00bb background_position=\u00bbtop_center\u00bb custom_margin=\u00bb|||\u00bb custom_padding=\u00bb60px|0px|0px|0px\u00bb custom_css_before=\u00bbcontent: %22%22;||display: block;||background-color: #0c0b0b;||position: absolute;||top: 0;||left: 0;||width: 100%;||height: 100%;||opacity: 0.5;\u00bb custom_css_main_element=\u00bboverflow: hidden;\u00bb locked=\u00bboff\u00bb collapsed=\u00bboff\u00bb global_colors_info=\u00bb{}\u00bb][et_pb_row use_custom_gutter=\u00bbon\u00bb gutter_width=\u00bb2&#8243; custom_padding_last_edited=\u00bbon|tablet\u00bb admin_label=\u00bb12 Days of Christmas &#8211; Day 09 Header 2&#8243; _builder_version=\u00bb4.16&#8243; module_alignment=\u00bbcenter\u00bb custom_padding=\u00bb0vh||0vh|||\u00bb custom_padding_tablet=\u00bb0px|0px|0px|0px\u00bb custom_padding_phone=\u00bb\u00bb use_custom_width=\u00bbon\u00bb custom_width_px=\u00bb1170px\u00bb custom_width_percent=\u00bb65%\u00bb global_colors_info=\u00bb{}\u00bb][et_pb_column type=\u00bb4_4&#8243; _builder_version=\u00bb4.16&#8243; custom_padding=\u00bb|||\u00bb custom_css_main_element=\u00bbmargin-bottom: 0 !important;\u00bb global_colors_info=\u00bb{}\u00bb custom_padding__hover=\u00bb|||\u00bb][et_pb_cta title=\u00bbZares \u00bb admin_label=\u00bbCTA &#8211; Imagine the Possibilities\u00bb _builder_version=\u00bb4.16&#8243; header_font=\u00bbLato|||on|||||\u00bb header_text_align=\u00bbleft\u00bb header_text_color=\u00bb#ffffff\u00bb header_font_size=\u00bb20&#8243; header_line_height=\u00bb120%\u00bb body_font=\u00bbOswald|||on|||||\u00bb body_text_align=\u00bbleft\u00bb body_text_color=\u00bb#ffffff\u00bb body_font_size=\u00bb72px\u00bb body_letter_spacing=\u00bb1px\u00bb body_line_height=\u00bb1em\u00bb use_background_color=\u00bboff\u00bb text_orientation=\u00bbleft\u00bb module_alignment=\u00bbleft\u00bb custom_margin=\u00bb212px||||false|false\u00bb custom_margin_tablet=\u00bb\u00bb custom_margin_phone=\u00bb100px||||false|false\u00bb custom_margin_last_edited=\u00bbon|phone\u00bb custom_padding=\u00bb|||\u00bb header_font_size_tablet=\u00bb18&#8243; header_font_size_phone=\u00bb16&#8243; header_font_size_last_edited=\u00bbon|phone\u00bb body_text_align_tablet=\u00bb\u00bb body_text_align_phone=\u00bbcenter\u00bb body_text_align_last_edited=\u00bbon|phone\u00bb body_font_size_tablet=\u00bb40px\u00bb body_font_size_phone=\u00bb50px\u00bb body_font_size_last_edited=\u00bbon|tablet\u00bb body_line_height_tablet=\u00bb120%\u00bb body_line_height_phone=\u00bb\u00bb body_line_height_last_edited=\u00bbon|tablet\u00bb custom_css_promo_description=\u00bb padding-bottom: 41px;\u00bb custom_css_promo_title=\u00bbmargin-top: 0.15% !important;||margin-left: 2px;||padding-bottom: 24px;||font-weight: 400;||\u00bb header_text_shadow_style=\u00bbpreset1&#8243; body_text_shadow_style=\u00bbpreset1&#8243; global_colors_info=\u00bb{}\u00bb button_text_size__hover_enabled=\u00bboff\u00bb button_text_size__hover=\u00bbnull\u00bb button_one_text_size__hover_enabled=\u00bboff\u00bb button_one_text_size__hover=\u00bbnull\u00bb button_two_text_size__hover_enabled=\u00bboff\u00bb button_two_text_size__hover=\u00bbnull\u00bb button_text_color__hover_enabled=\u00bboff\u00bb button_text_color__hover=\u00bbnull\u00bb button_one_text_color__hover_enabled=\u00bboff\u00bb button_one_text_color__hover=\u00bbnull\u00bb button_two_text_color__hover_enabled=\u00bboff\u00bb button_two_text_color__hover=\u00bbnull\u00bb button_border_width__hover_enabled=\u00bboff\u00bb button_border_width__hover=\u00bbnull\u00bb button_one_border_width__hover_enabled=\u00bboff\u00bb button_one_border_width__hover=\u00bbnull\u00bb button_two_border_width__hover_enabled=\u00bboff\u00bb button_two_border_width__hover=\u00bbnull\u00bb button_border_color__hover_enabled=\u00bboff\u00bb button_border_color__hover=\u00bbnull\u00bb button_one_border_color__hover_enabled=\u00bboff\u00bb button_one_border_color__hover=\u00bbnull\u00bb button_two_border_color__hover_enabled=\u00bboff\u00bb button_two_border_color__hover=\u00bbnull\u00bb button_border_radius__hover_enabled=\u00bboff\u00bb button_border_radius__hover=\u00bbnull\u00bb button_one_border_radius__hover_enabled=\u00bboff\u00bb button_one_border_radius__hover=\u00bbnull\u00bb button_two_border_radius__hover_enabled=\u00bboff\u00bb button_two_border_radius__hover=\u00bbnull\u00bb button_letter_spacing__hover_enabled=\u00bboff\u00bb button_letter_spacing__hover=\u00bbnull\u00bb button_one_letter_spacing__hover_enabled=\u00bboff\u00bb button_one_letter_spacing__hover=\u00bbnull\u00bb button_two_letter_spacing__hover_enabled=\u00bboff\u00bb button_two_letter_spacing__hover=\u00bbnull\u00bb button_bg_color__hover_enabled=\u00bboff\u00bb button_bg_color__hover=\u00bbnull\u00bb button_one_bg_color__hover_enabled=\u00bboff\u00bb button_one_bg_color__hover=\u00bbnull\u00bb button_two_bg_color__hover_enabled=\u00bboff\u00bb button_two_bg_color__hover=\u00bbnull\u00bb]<\/p>\n<p class=\"p1\">Pol\u00edtica de Cookies<\/p>\n<p>[\/et_pb_cta][\/et_pb_column][\/et_pb_row][\/et_pb_section][et_pb_section fb_built=\u00bb1&#8243; _builder_version=\u00bb4.27.4&#8243; _module_preset=\u00bbdefault\u00bb global_colors_info=\u00bb{}\u00bb][et_pb_row _builder_version=\u00bb4.27.4&#8243; _module_preset=\u00bbdefault\u00bb global_colors_info=\u00bb{}\u00bb][et_pb_column type=\u00bb4_4&#8243; _builder_version=\u00bb4.27.4&#8243; _module_preset=\u00bbdefault\u00bb global_colors_info=\u00bb{}\u00bb][et_pb_text _builder_version=\u00bb4.27.4&#8243; _module_preset=\u00bbdefault\u00bb hover_enabled=\u00bb0&#8243; global_colors_info=\u00bb{}\u00bb sticky_enabled=\u00bb0&#8243;]<\/p>\n<p data-start=\"123\" data-end=\"470\"><span style=\"color: #000000;\">Esta Pol\u00edtica de Cookies fue actualizada por \u00faltima vez en mayo de 2025 y se aplica al sitio web https:\/\/zarespestcontrol.com\/, en adelante denominado \u201cel sitio\u201d), que utiliza cookies y otras tecnolog\u00edas relacionadas (por conveniencia, todas las tecnolog\u00edas se denominan \u201ccookies\u201d), colocadas por terceros que contratamos.<\/span><\/p>\n<p data-start=\"472\" data-end=\"564\"><span style=\"color: #000000;\">En los apartados siguientes, te informamos sobre el uso de cookies en nuestro sitio web.<\/span><\/p>\n<h3 data-start=\"566\" data-end=\"641\"><span style=\"color: #000000;\"><strong data-start=\"570\" data-end=\"641\">Informaci\u00f3n sobre los conceptos incluidos en la Pol\u00edtica de Cookies<\/strong><\/span><\/h3>\n<p data-start=\"643\" data-end=\"961\"><span style=\"color: #000000;\"><strong data-start=\"643\" data-end=\"655\">Cookies:<\/strong>\u00a0Son archivos peque\u00f1os y simples que se env\u00edan junto con las p\u00e1ginas de este sitio web y que el navegador almacena en el disco duro de tu ordenador u otro dispositivo. La informaci\u00f3n almacenada puede ser devuelta a nuestros servidores o a los servidores de terceros relevantes durante una visita posterior.<\/span><\/p>\n<p data-start=\"963\" data-end=\"1138\"><span style=\"color: #000000;\"><strong data-start=\"963\" data-end=\"975\">Scripts:<\/strong>\u00a0Son fragmentos de c\u00f3digo que permiten que nuestro sitio funcione correctamente e interactivamente. Este c\u00f3digo se ejecuta en nuestro servidor o en tu dispositivo.<\/span><\/p>\n<p data-start=\"1140\" data-end=\"1351\"><span style=\"color: #000000;\"><strong data-start=\"1140\" data-end=\"1175\">Web beacon (etiqueta de p\u00edxel):<\/strong>\u00a0Es un peque\u00f1o texto invisible o imagen en un sitio web que se utiliza para monitorear el tr\u00e1fico del mismo. Para ello, se almacenan varios datos sobre ti mediante web beacons.<\/span><\/p>\n<h3 data-start=\"1358\" data-end=\"1382\"><span style=\"color: #000000;\"><strong data-start=\"1362\" data-end=\"1382\">Tipos de Cookies<\/strong><\/span><\/h3>\n<p data-start=\"1384\" data-end=\"1758\"><span style=\"color: #000000;\"><strong data-start=\"1384\" data-end=\"1432\">Cookies necesarias (t\u00e9cnicas o funcionales):<\/strong>\u00a0Aseguran que ciertas partes del sitio funcionen correctamente y que tus preferencias de usuario permanezcan guardadas. Al colocar cookies funcionales, facilitamos tu visita a nuestro sitio web. As\u00ed no tendr\u00e1s que introducir repetidamente la misma informaci\u00f3n al visitarlo. Podemos colocar estas cookies sin tu consentimiento.<\/span><\/p>\n<p data-start=\"1760\" data-end=\"1948\"><span style=\"color: #000000;\"><strong data-start=\"1760\" data-end=\"1783\">Cookies anal\u00edticas:<\/strong>\u00a0Se utilizan para optimizar la experiencia del sitio, obteniendo informaci\u00f3n sobre el uso de nuestro sitio web. Te pedimos permiso para colocar este tipo de cookies.<\/span><\/p>\n<p data-start=\"1950\" data-end=\"2261\"><span style=\"color: #000000;\"><strong data-start=\"1950\" data-end=\"1993\">Cookies de preferencias y de marketing:<\/strong>\u00a0Son cookies u otras formas de almacenamiento local que se utilizan para crear perfiles de usuario con el fin de mostrar publicidad o rastrear al usuario en este o en varios sitios con fines de marketing similares. Te pedimos permiso para colocar este tipo de cookies.<\/span><\/p>\n<h3 data-start=\"2268\" data-end=\"2290\"><span style=\"color: #000000;\"><strong data-start=\"2272\" data-end=\"2290\">Redes Sociales<\/strong><\/span><\/h3>\n<p data-start=\"2292\" data-end=\"2723\"><span style=\"color: #000000;\">Podemos incluir en el sitio contenido de Facebook, Instagram y\/o WhatsApp para promocionar p\u00e1ginas web (por ejemplo, \u201cme gusta\u201d, \u201cpin\u201d) o compartirlas (por ejemplo, \u201ctuitear\u201d) en redes sociales como Facebook, Instagram y WhatsApp. Este contenido se incrusta con c\u00f3digo derivado de Facebook, Instagram y WhatsApp y coloca cookies. Este contenido puede almacenar y procesar cierta informaci\u00f3n para fines publicitarios personalizados.<\/span><\/p>\n<p data-start=\"2725\" data-end=\"3041\"><span style=\"color: #000000;\">Por favor, lee las declaraciones de privacidad de estas redes sociales (que pueden cambiar regularmente) para saber qu\u00e9 hacen con tus datos (personales) que procesan mediante estas cookies. Los datos recogidos se anonimizan en la medida de lo posible. Facebook, Instagram y WhatsApp est\u00e1n ubicados en Estados Unidos.<\/span><\/p>\n<h3 data-start=\"3048\" data-end=\"3070\"><span style=\"color: #000000;\"><strong data-start=\"3052\" data-end=\"3070\">Consentimiento<\/strong><\/span><\/h3>\n<p data-start=\"3072\" data-end=\"3539\"><span style=\"color: #000000;\">Cuando visites nuestro sitio por primera vez, mostraremos una ventana emergente para autorizar los tipos de cookies que utilizamos en el sitio. Tan pronto como hagas clic en \u201cGuardar preferencias\u201d, nos autorizas a utilizar las categor\u00edas de cookies y plugins seleccionados en dicha ventana, tal como se describe en esta Pol\u00edtica de Cookies. Puedes desactivar el uso de cookies desde tu navegador, pero ten en cuenta que nuestro sitio puede no funcionar correctamente.<\/span><\/p>\n<h3 data-start=\"3546\" data-end=\"3613\"><span style=\"color: #000000;\"><strong data-start=\"3550\" data-end=\"3613\">Pol\u00edtica de Privacidad y Protecci\u00f3n de tus Datos Personales<\/strong><\/span><\/h3>\n<p data-start=\"3615\" data-end=\"3676\"><span style=\"color: #000000;\">Consulta en nuestro sitio web nuestra\u00a0<a href=\"https:\/\/zarespestcontrol.com\/es\/politica-de-privacidad\/\" target=\"_blank\" rel=\"noopener\" style=\"color: #000000;\">pol\u00edtica de privacidad.<\/a><\/span><\/p>\n<h3 data-start=\"3683\" data-end=\"3708\"><span style=\"color: #000000;\"><strong data-start=\"3687\" data-end=\"3708\">Datos de Contacto<\/strong><\/span><\/h3>\n<p data-start=\"3710\" data-end=\"3849\"><span style=\"color: #000000;\">Para preguntas y\/o comentarios sobre nuestra Pol\u00edtica de Cookies y esta declaraci\u00f3n, por favor cont\u00e1ctanos utilizando los siguientes datos:<\/span><\/p>\n<p data-start=\"3851\" data-end=\"4124\"><span style=\"color: #000000;\"><strong data-start=\"3851\" data-end=\"3876\">Nombre de la empresa:<\/strong>\u00a0Zares Portugal \u2013 Const. C\u00edvil &amp; Servicios en General, Lda<\/span><br data-start=\"3934\" data-end=\"3937\" \/><span style=\"color: #000000;\"><strong data-start=\"3937\" data-end=\"3955\">N\u00famero Fiscal:<\/strong>\u00a0514575573<\/span><br data-start=\"3965\" data-end=\"3968\" \/><span style=\"color: #000000;\"><strong data-start=\"3968\" data-end=\"3982\">Direcci\u00f3n:<\/strong>\u00a0Rua Carvalho Freirinha n\u00ba 67<\/span><br data-start=\"4011\" data-end=\"4014\" \/><span style=\"color: #000000;\"><strong data-start=\"4014\" data-end=\"4032\">C\u00f3digo Postal:<\/strong>\u00a02800-676 Almada<\/span><br data-start=\"4048\" data-end=\"4051\" \/><span style=\"color: #000000;\"><strong data-start=\"4051\" data-end=\"4074\">Correo electr\u00f3nico:<\/strong>\u00a0<a data-start=\"4075\" data-end=\"4099\" class=\"cursor-pointer\" rel=\"noopener\" style=\"color: #000000;\">zares.portugal@gmail.com<\/a>;\u00a0<a data-start=\"4101\" data-end=\"4124\" class=\"cursor-pointer\" rel=\"noopener\" style=\"color: #000000;\">info@zaressolutions.com<\/a><\/span><\/p>\n<p>[\/et_pb_text][\/et_pb_column][\/et_pb_row][\/et_pb_section]<\/p>\n","protected":false},"excerpt":{"rendered":"<p>Pol\u00edtica de CookiesEsta Pol\u00edtica de Cookies fue actualizada por \u00faltima vez en mayo de 2025 y se aplica al sitio web https:\/\/zarespestcontrol.com\/, en adelante denominado \u201cel sitio\u201d), que utiliza cookies y otras tecnolog\u00edas relacionadas (por conveniencia, todas las tecnolog\u00edas se denominan \u201ccookies\u201d), colocadas por terceros que contratamos. En los apartados siguientes, te informamos sobre el [&hellip;]<\/p>\n","protected":false},"author":1,"featured_media":0,"parent":0,"menu_order":0,"comment_status":"closed","ping_status":"closed","template":"","meta":{"_et_pb_use_builder":"on","_et_pb_old_content":"","_et_gb_content_width":"","_joinchat":[],"footnotes":""},"class_list":["post-357958","page","type-page","status-publish","hentry"],"yoast_head":"<!-- This site is optimized with the Yoast SEO plugin v25.2 - https:\/\/yoast.com\/wordpress\/plugins\/seo\/ -->\n<title>Pol\u00edtica de Cookies - zarespestcontrol.com<\/title>\n<meta name=\"robots\" content=\"index, follow, max-snippet:-1, max-image-preview:large, max-video-preview:-1\" \/>\n<link rel=\"canonical\" href=\"https:\/\/zarespestcontrol.com\/es\/politica-de-cookies\/\" \/>\n<meta property=\"og:locale\" content=\"es_ES\" \/>\n<meta property=\"og:type\" content=\"article\" \/>\n<meta property=\"og:title\" content=\"Pol\u00edtica de Cookies - zarespestcontrol.com\" \/>\n<meta property=\"og:description\" content=\"Pol\u00edtica de CookiesEsta Pol\u00edtica de Cookies fue actualizada por \u00faltima vez en mayo de 2025 y se aplica al sitio web https:\/\/zarespestcontrol.com\/, en adelante denominado \u201cel sitio\u201d), que utiliza cookies y otras tecnolog\u00edas relacionadas (por conveniencia, todas las tecnolog\u00edas se denominan \u201ccookies\u201d), colocadas por terceros que contratamos. En los apartados siguientes, te informamos sobre el [&hellip;]\" \/>\n<meta property=\"og:url\" content=\"https:\/\/zarespestcontrol.com\/es\/politica-de-cookies\/\" \/>\n<meta property=\"og:site_name\" content=\"zarespestcontrol.com\" \/>\n<meta property=\"article:modified_time\" content=\"2025-05-29T18:01:36+00:00\" \/>\n<meta name=\"twitter:card\" content=\"summary_large_image\" \/>\n<meta name=\"twitter:label1\" content=\"Tiempo de lectura\" \/>\n\t<meta name=\"twitter:data1\" content=\"4 minutos\" \/>\n<script type=\"application\/ld+json\" class=\"yoast-schema-graph\">{\"@context\":\"https:\/\/schema.org\",\"@graph\":[{\"@type\":\"WebPage\",\"@id\":\"https:\/\/zarespestcontrol.com\/es\/politica-de-cookies\/\",\"url\":\"https:\/\/zarespestcontrol.com\/es\/politica-de-cookies\/\",\"name\":\"Pol\u00edtica de Cookies - zarespestcontrol.com\",\"isPartOf\":{\"@id\":\"https:\/\/zarespestcontrol.com\/es\/#website\"},\"datePublished\":\"2025-05-29T15:54:28+00:00\",\"dateModified\":\"2025-05-29T18:01:36+00:00\",\"breadcrumb\":{\"@id\":\"https:\/\/zarespestcontrol.com\/es\/politica-de-cookies\/#breadcrumb\"},\"inLanguage\":\"es\",\"potentialAction\":[{\"@type\":\"ReadAction\",\"target\":[\"https:\/\/zarespestcontrol.com\/es\/politica-de-cookies\/\"]}]},{\"@type\":\"BreadcrumbList\",\"@id\":\"https:\/\/zarespestcontrol.com\/es\/politica-de-cookies\/#breadcrumb\",\"itemListElement\":[{\"@type\":\"ListItem\",\"position\":1,\"name\":\"In\u00edcio\",\"item\":\"https:\/\/zarespestcontrol.com\/es\/\"},{\"@type\":\"ListItem\",\"position\":2,\"name\":\"Pol\u00edtica de Cookies\"}]},{\"@type\":\"WebSite\",\"@id\":\"https:\/\/zarespestcontrol.com\/es\/#website\",\"url\":\"https:\/\/zarespestcontrol.com\/es\/\",\"name\":\"zarespestcontrol.com\",\"description\":\"Controle de pragas\",\"potentialAction\":[{\"@type\":\"SearchAction\",\"target\":{\"@type\":\"EntryPoint\",\"urlTemplate\":\"https:\/\/zarespestcontrol.com\/es\/?s={search_term_string}\"},\"query-input\":{\"@type\":\"PropertyValueSpecification\",\"valueRequired\":true,\"valueName\":\"search_term_string\"}}],\"inLanguage\":\"es\"}]}<\/script>\n<!-- \/ Yoast SEO plugin. -->","yoast_head_json":{"title":"Pol\u00edtica de Cookies - zarespestcontrol.com","robots":{"index":"index","follow":"follow","max-snippet":"max-snippet:-1","max-image-preview":"max-image-preview:large","max-video-preview":"max-video-preview:-1"},"canonical":"https:\/\/zarespestcontrol.com\/es\/politica-de-cookies\/","og_locale":"es_ES","og_type":"article","og_title":"Pol\u00edtica de Cookies - zarespestcontrol.com","og_description":"Pol\u00edtica de CookiesEsta Pol\u00edtica de Cookies fue actualizada por \u00faltima vez en mayo de 2025 y se aplica al sitio web https:\/\/zarespestcontrol.com\/, en adelante denominado \u201cel sitio\u201d), que utiliza cookies y otras tecnolog\u00edas relacionadas (por conveniencia, todas las tecnolog\u00edas se denominan \u201ccookies\u201d), colocadas por terceros que contratamos. En los apartados siguientes, te informamos sobre el [&hellip;]","og_url":"https:\/\/zarespestcontrol.com\/es\/politica-de-cookies\/","og_site_name":"zarespestcontrol.com","article_modified_time":"2025-05-29T18:01:36+00:00","twitter_card":"summary_large_image","twitter_misc":{"Tiempo de lectura":"4 minutos"},"schema":{"@context":"https:\/\/schema.org","@graph":[{"@type":"WebPage","@id":"https:\/\/zarespestcontrol.com\/es\/politica-de-cookies\/","url":"https:\/\/zarespestcontrol.com\/es\/politica-de-cookies\/","name":"Pol\u00edtica de Cookies - zarespestcontrol.com","isPartOf":{"@id":"https:\/\/zarespestcontrol.com\/es\/#website"},"datePublished":"2025-05-29T15:54:28+00:00","dateModified":"2025-05-29T18:01:36+00:00","breadcrumb":{"@id":"https:\/\/zarespestcontrol.com\/es\/politica-de-cookies\/#breadcrumb"},"inLanguage":"es","potentialAction":[{"@type":"ReadAction","target":["https:\/\/zarespestcontrol.com\/es\/politica-de-cookies\/"]}]},{"@type":"BreadcrumbList","@id":"https:\/\/zarespestcontrol.com\/es\/politica-de-cookies\/#breadcrumb","itemListElement":[{"@type":"ListItem","position":1,"name":"In\u00edcio","item":"https:\/\/zarespestcontrol.com\/es\/"},{"@type":"ListItem","position":2,"name":"Pol\u00edtica de Cookies"}]},{"@type":"WebSite","@id":"https:\/\/zarespestcontrol.com\/es\/#website","url":"https:\/\/zarespestcontrol.com\/es\/","name":"zarespestcontrol.com","description":"Controle de pragas","potentialAction":[{"@type":"SearchAction","target":{"@type":"EntryPoint","urlTemplate":"https:\/\/zarespestcontrol.com\/es\/?s={search_term_string}"},"query-input":{"@type":"PropertyValueSpecification","valueRequired":true,"valueName":"search_term_string"}}],"inLanguage":"es"}]}},"_links":{"self":[{"href":"https:\/\/zarespestcontrol.com\/es\/wp-json\/wp\/v2\/pages\/357958","targetHints":{"allow":["GET"]}}],"collection":[{"href":"https:\/\/zarespestcontrol.com\/es\/wp-json\/wp\/v2\/pages"}],"about":[{"href":"https:\/\/zarespestcontrol.com\/es\/wp-json\/wp\/v2\/types\/page"}],"author":[{"embeddable":true,"href":"https:\/\/zarespestcontrol.com\/es\/wp-json\/wp\/v2\/users\/1"}],"replies":[{"embeddable":true,"href":"https:\/\/zarespestcontrol.com\/es\/wp-json\/wp\/v2\/comments?post=357958"}],"version-history":[{"count":2,"href":"https:\/\/zarespestcontrol.com\/es\/wp-json\/wp\/v2\/pages\/357958\/revisions"}],"predecessor-version":[{"id":357963,"href":"https:\/\/zarespestcontrol.com\/es\/wp-json\/wp\/v2\/pages\/357958\/revisions\/357963"}],"wp:attachment":[{"href":"https:\/\/zarespestcontrol.com\/es\/wp-json\/wp\/v2\/media?parent=357958"}],"curies":[{"name":"wp","href":"https:\/\/api.w.org\/{rel}","templated":true}]}}